{"id":2626,"date":"2024-02-27T17:12:53","date_gmt":"2024-02-27T16:12:53","guid":{"rendered":"https:\/\/www.iaquin.si\/index.php\/haus\/copy\/"},"modified":"2024-04-05T06:21:41","modified_gmt":"2024-04-05T05:21:41","slug":"copy","status":"publish","type":"page","link":"https:\/\/www.iaquin.si\/de\/index.php\/haus\/copy\/","title":{"rendered":"copy"},"content":{"rendered":"\t\t<div data-elementor-type=\"wp-post\" data-elementor-id=\"2626\" class=\"elementor elementor-2626\" data-elementor-post-type=\"page\">\n\t\t\t\t<div data-particle_enable=\"false\" data-particle-mobile-disabled=\"false\" class=\"elementor-element elementor-element-5ba3b3b e-con-full kontakt e-flex e-con e-parent\" data-id=\"5ba3b3b\" data-element_type=\"container\" data-e-type=\"container\" id=\"kontakt\" data-settings=\"{&quot;background_background&quot;:&quot;classic&quot;}\">\n\t\t\t\t<div class=\"elementor-element elementor-element-06124f1 elementor-widget elementor-widget-image\" data-id=\"06124f1\" data-element_type=\"widget\" data-e-type=\"widget\" data-widget_type=\"image.default\">\n\t\t\t\t<div class=\"elementor-widget-container\">\n\t\t\t\t\t\t\t\t\t\t\t\t\t\t\t\t<a href=\"https:\/\/www.iaquin.si\/de\/\">\n\t\t\t\t\t\t\t<img fetchpriority=\"high\" decoding=\"async\" width=\"700\" height=\"250\" src=\"https:\/\/www.iaquin.si\/wp-content\/uploads\/2024\/02\/logo-00-menu-white-blue-dots.png\" class=\"attachment-large size-large wp-image-1149\" alt=\"\" srcset=\"https:\/\/www.iaquin.si\/wp-content\/uploads\/2024\/02\/logo-00-menu-white-blue-dots.png 700w, https:\/\/www.iaquin.si\/wp-content\/uploads\/2024\/02\/logo-00-menu-white-blue-dots-600x214.png 600w, https:\/\/www.iaquin.si\/wp-content\/uploads\/2024\/02\/logo-00-menu-white-blue-dots-300x107.png 300w\" sizes=\"(max-width: 700px) 100vw, 700px\" \/>\t\t\t\t\t\t\t\t<\/a>\n\t\t\t\t\t\t\t\t\t\t\t\t\t\t\t<\/div>\n\t\t\t\t<\/div>\n\t\t\t\t<div class=\"elementor-element elementor-element-ad0da85 elementor-widget elementor-widget-text-editor\" data-id=\"ad0da85\" data-element_type=\"widget\" data-e-type=\"widget\" data-widget_type=\"text-editor.default\">\n\t\t\t\t<div class=\"elementor-widget-container\">\n\t\t\t\t\t\t\t\t\t<p id=\"napis-sp\" class=\"napis sp\" style=\"text-align: center;\">Entwurf und Design: <a href=\"https:\/\/www.studiobotas.com\/\">studiobotas<\/a><br \/>Fotos: <a href=\"https:\/\/www.martinbaebler.com\/\">Martin Baebler<\/a><br \/>Text: Toni Gomi\u0161\u010dek, Bojana Leskovar in Primo\u017e Vitez <br \/>Umsetzung &amp; Weblayout: <a href=\"https:\/\/www.pmdtp.com\/\">pmdtp<\/a><\/p>\n<p id=\"napis-sp-3\" class=\"napis sp\">\u00a9 Iaquin \u2013 Alle Rechte vorbehalten<br \/>Fr\u00fchling 2021<\/p>\n\t\t\t\t\t\t\t\t<\/div>\n\t\t\t\t<\/div>\n\t\t<div data-particle_enable=\"false\" data-particle-mobile-disabled=\"false\" class=\"elementor-element elementor-element-b28df05 e-flex e-con-boxed e-con e-child\" data-id=\"b28df05\" data-element_type=\"container\" data-e-type=\"container\">\n\t\t\t\t\t<div class=\"e-con-inner\">\n\t\t\t\t<div class=\"elementor-element elementor-element-d852b88 elementor-widget__width-initial elementor-widget elementor-widget-image\" data-id=\"d852b88\" data-element_type=\"widget\" data-e-type=\"widget\" data-widget_type=\"image.default\">\n\t\t\t\t<div class=\"elementor-widget-container\">\n\t\t\t\t\t\t\t\t\t\t\t\t\t\t\t<img decoding=\"async\" width=\"300\" height=\"300\" src=\"https:\/\/www.iaquin.si\/wp-content\/uploads\/2024\/02\/ZDVVS_znak_BW-300x300.png\" class=\"attachment-medium size-medium wp-image-1323\" alt=\"\" srcset=\"https:\/\/www.iaquin.si\/wp-content\/uploads\/2024\/02\/ZDVVS_znak_BW-300x300.png 300w, https:\/\/www.iaquin.si\/wp-content\/uploads\/2024\/02\/ZDVVS_znak_BW-100x100.png 100w, https:\/\/www.iaquin.si\/wp-content\/uploads\/2024\/02\/ZDVVS_znak_BW-150x150.png 150w, https:\/\/www.iaquin.si\/wp-content\/uploads\/2024\/02\/ZDVVS_znak_BW.png 507w\" sizes=\"(max-width: 300px) 100vw, 300px\" \/>\t\t\t\t\t\t\t\t\t\t\t\t\t\t\t<\/div>\n\t\t\t\t<\/div>\n\t\t\t\t\t<\/div>\n\t\t\t\t<\/div>\n\t\t\t\t<div class=\"elementor-element elementor-element-4fe1cc0 elementor-widget elementor-widget-text-editor\" data-id=\"4fe1cc0\" data-element_type=\"widget\" data-e-type=\"widget\" data-widget_type=\"text-editor.default\">\n\t\t\t\t<div class=\"elementor-widget-container\">\n\t\t\t\t\t\t\t\t\t<p><em>Der Gesundheitsminister warnt: \u00dcberm\u00e4\u00dfiger Alkoholkonsum ist gesundheitssch\u00e4dlich!<\/em><\/p>\n\t\t\t\t\t\t\t\t<\/div>\n\t\t\t\t<\/div>\n\t\t<div data-particle_enable=\"false\" data-particle-mobile-disabled=\"false\" class=\"elementor-element elementor-element-90bb042 e-flex e-con-boxed e-con e-child\" data-id=\"90bb042\" data-element_type=\"container\" data-e-type=\"container\">\n\t\t\t\t\t<div class=\"e-con-inner\">\n\t\t\t\t\t<\/div>\n\t\t\t\t<\/div>\n\t\t\t\t<\/div>\n\t\t\t\t<\/div>\n\t\t","protected":false},"excerpt":{"rendered":"<p>Entwurf und Design: studiobotasFotos: Martin BaeblerText: Toni Gomi\u0161\u010dek, Bojana Leskovar in Primo\u017e Vitez Umsetzung &amp; Weblayout: pmdtp \u00a9 Iaquin \u2013 Alle Rechte vorbehaltenFr\u00fchling 2021 Der Gesundheitsminister warnt: \u00dcberm\u00e4\u00dfiger Alkoholkonsum ist &#8230;<\/p>\n","protected":false},"author":2,"featured_media":0,"parent":2556,"menu_order":0,"comment_status":"closed","ping_status":"closed","template":"elementor_canvas","meta":{"footnotes":""},"class_list":["post-2626","page","type-page","status-publish","hentry"],"_links":{"self":[{"href":"https:\/\/www.iaquin.si\/de\/index.php\/wp-json\/wp\/v2\/pages\/2626","targetHints":{"allow":["GET"]}}],"collection":[{"href":"https:\/\/www.iaquin.si\/de\/index.php\/wp-json\/wp\/v2\/pages"}],"about":[{"href":"https:\/\/www.iaquin.si\/de\/index.php\/wp-json\/wp\/v2\/types\/page"}],"author":[{"embeddable":true,"href":"https:\/\/www.iaquin.si\/de\/index.php\/wp-json\/wp\/v2\/users\/2"}],"replies":[{"embeddable":true,"href":"https:\/\/www.iaquin.si\/de\/index.php\/wp-json\/wp\/v2\/comments?post=2626"}],"version-history":[{"count":6,"href":"https:\/\/www.iaquin.si\/de\/index.php\/wp-json\/wp\/v2\/pages\/2626\/revisions"}],"predecessor-version":[{"id":3043,"href":"https:\/\/www.iaquin.si\/de\/index.php\/wp-json\/wp\/v2\/pages\/2626\/revisions\/3043"}],"up":[{"embeddable":true,"href":"https:\/\/www.iaquin.si\/de\/index.php\/wp-json\/wp\/v2\/pages\/2556"}],"wp:attachment":[{"href":"https:\/\/www.iaquin.si\/de\/index.php\/wp-json\/wp\/v2\/media?parent=2626"}],"curies":[{"name":"wp","href":"https:\/\/api.w.org\/{rel}","templated":true}]}}